{"id":3320,"date":"2021-04-07T10:30:00","date_gmt":"2021-04-07T08:30:00","guid":{"rendered":"https:\/\/www.goscan.net\/politica-de-privacitat\/"},"modified":"2021-04-26T12:56:38","modified_gmt":"2021-04-26T10:56:38","slug":"politica-de-privacidad","status":"publish","type":"page","link":"https:\/\/www.goscan.net\/es\/politica-de-privacidad\/","title":{"rendered":"Pol\u00edtica de privacidad"},"content":{"rendered":"\t\t<div data-elementor-type=\"wp-page\" data-elementor-id=\"3320\" class=\"elementor elementor-3320\" data-elementor-post-type=\"page\">\n\t\t\t\t\t\t<section class=\"elementor-section elementor-top-section elementor-element elementor-element-4a3b51d elementor-section-boxed elementor-section-height-default elementor-section-height-default\" data-id=\"4a3b51d\" data-element_type=\"section\">\r\n\t\t\r\n\t\t\t\t\t\t\t<div class=\"elementor-container elementor-column-gap-default\">\r\n\t\t\t\t\t\t\t\t\t\t\t<div class=\"elementor-column elementor-col-100 elementor-top-column elementor-element elementor-element-986339f\" data-id=\"986339f\" data-element_type=\"column\">\r\n\t\t\t\t\t<div class=\"elementor-widget-wrap elementor-element-populated\">\r\n\t\t\t\t\t\t\t\t<div class=\"elementor-element elementor-element-c110a02 elementor-widget elementor-widget-text-editor\" data-id=\"c110a02\" data-element_type=\"widget\" data-widget_type=\"text-editor.default\">\n\t\t\t\t<div class=\"elementor-widget-container\">\n\t\t\t\t\t\t\t<p><strong>RESPONSABLE DEL TRATAMIENTO DE LOS DATOS PERSONALES<br \/><\/strong>El responsable del tractament de les dades personals \u00e9s Carles Espinalt Capdevila, amb CIFJ 65315632 i domicili a Ctra. Calaf, km 2, Fonollosa (CP 08259), adre\u00e7a electr\u00f2nica goscan@goscan.net, inscrita al Registre Mercantil.<br \/><br \/><\/p><p><strong>FINALIDAD Y LEGITIMACI\u00d3N DEL TRATAMIENTO DE LOS DATOS<br \/><\/strong><\/p><p>Contacto. Atendemos las consultas de las personas que contactan con nosotros por medio del correo electr\u00f3nico o telef\u00f3nicamente. Tratamos estos datos con el consentimiento de la persona que nos ha dirigido.<\/p><p>Servicios a los clientes. Registramos los clientes y los datos adicionales que se puedan generar como resultado de la relaci\u00f3n comercial con estos clientes. La relaci\u00f3n comercial conlleva incorporar los datos a la contabilidad, la facturaci\u00f3n o informaci\u00f3n a la administraci\u00f3n tributaria. Tratamos estos datos en cumplimiento de las relaciones contractuales y de obligaciones legales.<\/p><p>Gesti\u00f3n de los datos de nuestros proveedores. Tratamos los datos de los proveedores de quien obtenemos servicios o bienes. Obtenemos los datos necesarios para mantener la relaci\u00f3n comercial y los destinamos \u00fanicamente a este fin. Tratamos estos datos en cumplimiento de las relaciones contractuales y de obligaciones legales.<\/p><p>Informaci\u00f3n de productos y servicios. Con la autorizaci\u00f3n de los clientes sus datos de contacto se utilizan para enviar publicidad relacionada con nuestros servicios o productos. Tratamos estos datos en base al consentimiento de la persona que recibe las comunicaciones.<\/p><p><strong><br \/>COMUNICACI\u00d3N DE LOS DATOS<\/strong><\/p><p>Como criterio general \u00fanicamente comunicamos datos a administraciones o poderes p\u00fablicos y siempre en cumplimientos de obligaciones legales. En la facturaci\u00f3n podemos comunicarlas a entidades bancarias. No se hacen transferencias de datos fuera del \u00e1mbito de la Uni\u00f3n Europea (transferencia internacional).<\/p><p><strong><br \/>CONSERVACI\u00d3N DE LOS DATOS<\/strong><\/p><p>Cumplimos la obligaci\u00f3n legal de limitar al m\u00e1ximo el plazo de conservaci\u00f3n de los datos. Por este motivo se conservan s\u00f3lo el tiempo necesario y justificado por la finalidad que motiv\u00f3 la obtenci\u00f3n. En determinados casos, como los datos que figuran en la documentaci\u00f3n contable y la facturaci\u00f3n, la normativa fiscal obliga a conservarlas hasta que no prescriban las responsabilidades en esta materia. En el caso de los datos que se tratan en base al consentimiento de la persona interesada, se conservan hasta que esta persona no revoca este consentimiento.<\/p><p><strong>\u00a0<\/strong><\/p><p><strong>DERECHOS DE LAS PERSONAS EN RELACI\u00d3N A LOS DATOS TRATADAS<\/strong><\/p><p>Las personas de las que tratamos datos tienen los siguientes derechos:<br \/>A acceder. Derecho a saber qu\u00e9 datos personales son objeto de tratamiento, cu\u00e1l es la finalidad para la que se tratan, las comunicaciones a otras personas, el derecho a obtener copia o saber el plazo previsto de conservaci\u00f3n.<br \/>A pedir su rectificaci\u00f3n. Derecho a hacer rectificar los datos inexactos.<br \/>A pedir su supresi\u00f3n. Derecho a pedir la supresi\u00f3n de los datos cuando, entre otros motivos, no sean necesarias para los fines para los que fueron recogidos y justificaron el tratamiento.<br \/>Pedir la limitaci\u00f3n del tratamiento. En determinadas circunstancias existe el derecho a pedir la limitaci\u00f3n del tratamiento de los datos: dejar\u00e1n de ser tratadas y s\u00f3lo se conservar\u00e1n para el ejercicio o la defensa de reclamaciones.<br \/>En la portabilidad. Derecho a obtener los datos personales en un formato de uso com\u00fan legible por m\u00e1quina, y transmitirlas a otro responsable del tratamiento si as\u00ed lo decide el interesado.<br \/>A oponerse al tratamiento. En aducir motivos relacionados con su situaci\u00f3n particular, una persona nos puede pedir que dejemos de tratar sus datos si le puede suponer un perjuicio.<\/p><p><strong>\u00a0<\/strong><\/p><p><strong>EJERCICIO O DEFENSA DE LOS DERECHOS<\/strong><\/p><p>Los derechos que acabamos de enumerar pueden ejercerse dirigiendo una solicitud escrita a Goscan a nuestra direcci\u00f3n postal o bien enviando un correo electr\u00f3nico a goscan@goscan.net indicando en todos los casos \u00abProtecci\u00f3n de datos personales\u00bb. Si no se ha obtenido respuesta satisfactoria en el ejercicio de los derechos es posible presentar una reclamaci\u00f3n ante la Agencia Espa\u00f1ola de Protecci\u00f3n de Datos, por medio de los formularios u otros canales accesibles desde su p\u00e1gina www.agpd.es.<\/p>\t\t\t\t\t\t<\/div>\n\t\t\t\t<\/div>\n\t\t\t\t\t<\/div>\r\n\t\t\t\t<\/div>\r\n\t\t\t\t\t<\/div>\r\n\t\t\t\t<\/section>\r\n\t\t\t\t<\/div>\n\t\t","protected":false},"excerpt":{"rendered":"<p>RESPONSABLE DEL TRATAMIENTO DE LOS DATOS PERSONALES El responsable del tractament de les dades personals \u00e9s Carles Espinalt Capdevila, amb CIFJ 65315632 i domicili a Ctra. Calaf, km 2, Fonollosa (CP 08259), adre\u00e7a electr\u00f2nica goscan@goscan.net, inscrita al Registre Mercantil. FINALIDAD Y LEGITIMACI\u00d3N DEL TRATAMIENTO DE LOS DATOS Contacto. Atendemos las consultas de las personas que [&hellip;]<\/p>\n","protected":false},"author":1,"featured_media":0,"parent":0,"menu_order":0,"comment_status":"closed","ping_status":"closed","template":"","meta":{"_acf_changed":false,"_seopress_robots_primary_cat":"","_seopress_titles_title":"","_seopress_titles_desc":"","_seopress_robots_index":"","footnotes":""},"acf":[],"_links":{"self":[{"href":"https:\/\/www.goscan.net\/es\/wp-json\/wp\/v2\/pages\/3320"}],"collection":[{"href":"https:\/\/www.goscan.net\/es\/wp-json\/wp\/v2\/pages"}],"about":[{"href":"https:\/\/www.goscan.net\/es\/wp-json\/wp\/v2\/types\/page"}],"author":[{"embeddable":true,"href":"https:\/\/www.goscan.net\/es\/wp-json\/wp\/v2\/users\/1"}],"replies":[{"embeddable":true,"href":"https:\/\/www.goscan.net\/es\/wp-json\/wp\/v2\/comments?post=3320"}],"version-history":[{"count":0,"href":"https:\/\/www.goscan.net\/es\/wp-json\/wp\/v2\/pages\/3320\/revisions"}],"wp:attachment":[{"href":"https:\/\/www.goscan.net\/es\/wp-json\/wp\/v2\/media?parent=3320"}],"curies":[{"name":"wp","href":"https:\/\/api.w.org\/{rel}","templated":true}]}}