{"id":3300,"date":"2021-04-07T10:26:31","date_gmt":"2021-04-07T08:26:31","guid":{"rendered":"https:\/\/www.goscan.net\/avis-legal\/"},"modified":"2021-04-26T12:53:22","modified_gmt":"2021-04-26T10:53:22","slug":"aviso-legal","status":"publish","type":"page","link":"https:\/\/www.goscan.net\/es\/aviso-legal\/","title":{"rendered":"Aviso legal"},"content":{"rendered":"\t\t<div data-elementor-type=\"wp-page\" data-elementor-id=\"3300\" class=\"elementor elementor-3300\" data-elementor-post-type=\"page\">\n\t\t\t\t\t\t<section class=\"elementor-section elementor-top-section elementor-element elementor-element-7d4f3c3 elementor-section-boxed elementor-section-height-default elementor-section-height-default\" data-id=\"7d4f3c3\" data-element_type=\"section\">\r\n\t\t\r\n\t\t\t\t\t\t\t<div class=\"elementor-container elementor-column-gap-default\">\r\n\t\t\t\t\t\t\t\t\t\t\t<div class=\"elementor-column elementor-col-100 elementor-top-column elementor-element elementor-element-0075a17\" data-id=\"0075a17\" data-element_type=\"column\">\r\n\t\t\t\t\t<div class=\"elementor-widget-wrap elementor-element-populated\">\r\n\t\t\t\t\t\t\t\t<div class=\"elementor-element elementor-element-4a07566 elementor-widget elementor-widget-text-editor\" data-id=\"4a07566\" data-element_type=\"widget\" data-widget_type=\"text-editor.default\">\n\t\t\t\t<div class=\"elementor-widget-container\">\n\t\t\t\t\t\t\t<p>El sitio web y el dominio goscan.net corresponden a Carles Espinalt Capdevila, con CIF J 65315632 y domicilio en Ctra. Calaf, km 2, Fonollosa (CP 08259), direcci\u00f3n electr\u00f3nica goscan@goscan.net, inscrita en el Registro Mercantil.<br \/><br \/><\/p><p><strong>PROPIEDAD INTELECTUAL E INDUSTRIAL<\/strong><\/p><p>Los derechos sobre los contenidos de este sitio, incluyendo los textos, im\u00e1genes, dise\u00f1os gr\u00e1ficos, marcas y otros signos distintivos (en adelante los contenidos), pertenecen a Goscan o a terceros que han autorizado su uso. Goscan presenta estos contenidos para informar de sus servicios y actividades. Goscan autoriza la utilizaci\u00f3n de los contenidos para usos no comerciales siempre que se indique de forma clara la fuente. Si los contenidos se utilizan en entornos web ser\u00e1 necesario incluir un enlace a la p\u00e1gina de inicio del sitio web. Goscan se reserva el derecho a iniciar las acciones legales oportunas en defensa de sus derechos de propiedad intelectual o industrial.<br \/>No se autorizan presentaciones de los contenidos de este sitio en una ventana ajena a https:\/\/www.goscan.net\/<\/p><p><strong><br \/>RESPONSABILIDAD SOBRE LOS CONTENIDOS\u00a0\u00a0\u00a0\u00a0\u00a0\u00a0\u00a0\u00a0\u00a0\u00a0\u00a0 <\/strong><\/p><p>Aunque Goscan act\u00faa con la m\u00e1xima diligencia posible, puede darse el caso de que alg\u00fan dato o informaci\u00f3n no est\u00e9 del todo actualizada en el momento que el usuario del sitio web lo consulte. Por eso Goscan manifiesta que las referencias de los servicios que se presentan en su sitio web tienen una funci\u00f3n orientativa y no obligan a Goscan hasta la contrataci\u00f3n expresa de un pedido.<br \/>Goscan se reserva el derecho a modificar unilateralmente, en cualquier momento y sin previo aviso, la presentaci\u00f3n, configuraci\u00f3n y contenidos de la web.<br \/>Goscan no ser\u00e1 responsable de la informaci\u00f3n que se pueda obtener a trav\u00e9s de enlaces incluidos en el sitio<\/p><p><strong><br \/>CONDICIONS DE USO<\/strong><\/p><p>El uso de este sitio web implica la aceptaci\u00f3n plena de los t\u00e9rminos y condiciones del presente aviso legal. Los posibles conflictos relativos a esta web se regir\u00e1n exclusivamente por el derecho del Estado espa\u00f1ol. Toda persona usuaria del web, independientemente de la jurisdicci\u00f3n territorial desde la que se produzca su acceso, acepta el cumplimiento y respeto de estas cl\u00e1usulas con renuncia expresa a cualquier otro fuero que pudiera corresponderle.<\/p>\t\t\t\t\t\t<\/div>\n\t\t\t\t<\/div>\n\t\t\t\t\t<\/div>\r\n\t\t\t\t<\/div>\r\n\t\t\t\t\t<\/div>\r\n\t\t\t\t<\/section>\r\n\t\t\t\t<\/div>\n\t\t","protected":false},"excerpt":{"rendered":"<p>El sitio web y el dominio goscan.net corresponden a Carles Espinalt Capdevila, con CIF J 65315632 y domicilio en Ctra. Calaf, km 2, Fonollosa (CP 08259), direcci\u00f3n electr\u00f3nica goscan@goscan.net, inscrita en el Registro Mercantil. PROPIEDAD INTELECTUAL E INDUSTRIAL Los derechos sobre los contenidos de este sitio, incluyendo los textos, im\u00e1genes, dise\u00f1os gr\u00e1ficos, marcas y otros [&hellip;]<\/p>\n","protected":false},"author":1,"featured_media":0,"parent":0,"menu_order":0,"comment_status":"closed","ping_status":"closed","template":"","meta":{"_acf_changed":false,"_seopress_robots_primary_cat":"","_seopress_titles_title":"","_seopress_titles_desc":"","_seopress_robots_index":"","footnotes":""},"acf":[],"_links":{"self":[{"href":"https:\/\/www.goscan.net\/es\/wp-json\/wp\/v2\/pages\/3300"}],"collection":[{"href":"https:\/\/www.goscan.net\/es\/wp-json\/wp\/v2\/pages"}],"about":[{"href":"https:\/\/www.goscan.net\/es\/wp-json\/wp\/v2\/types\/page"}],"author":[{"embeddable":true,"href":"https:\/\/www.goscan.net\/es\/wp-json\/wp\/v2\/users\/1"}],"replies":[{"embeddable":true,"href":"https:\/\/www.goscan.net\/es\/wp-json\/wp\/v2\/comments?post=3300"}],"version-history":[{"count":0,"href":"https:\/\/www.goscan.net\/es\/wp-json\/wp\/v2\/pages\/3300\/revisions"}],"wp:attachment":[{"href":"https:\/\/www.goscan.net\/es\/wp-json\/wp\/v2\/media?parent=3300"}],"curies":[{"name":"wp","href":"https:\/\/api.w.org\/{rel}","templated":true}]}}