{"id":2847,"date":"2021-02-14T20:21:12","date_gmt":"2021-02-14T18:21:12","guid":{"rendered":"https:\/\/www.goscan.net\/esterilitzacio\/"},"modified":"2021-04-26T12:55:41","modified_gmt":"2021-04-26T10:55:41","slug":"consejos-veterinario","status":"publish","type":"page","link":"https:\/\/www.goscan.net\/es\/consejos-veterinario\/","title":{"rendered":"Consejos del veterinario"},"content":{"rendered":"\t\t<div data-elementor-type=\"wp-page\" data-elementor-id=\"2847\" class=\"elementor elementor-2847\" data-elementor-post-type=\"page\">\n\t\t\t\t\t\t<section class=\"elementor-section elementor-top-section elementor-element elementor-element-ea5cd8 pc-section-shape-background p-t-xxl  elementor-section-content-middle elementor-section-boxed elementor-section-height-default elementor-section-height-default\" data-id=\"ea5cd8\" data-element_type=\"section\" data-settings=\"{&quot;background_background&quot;:&quot;classic&quot;}\">\r\n\t\t\r\n\t\t\t\t\t\t\t<div class=\"elementor-container elementor-column-gap-default\">\r\n\t\t\t\t\t\t\t\t\t\t\t<div class=\"elementor-column elementor-col-50 elementor-top-column elementor-element elementor-element-142258c z-index-2 pr-lg-4 my-lg-4\" data-id=\"142258c\" data-element_type=\"column\">\r\n\t\t\t\t\t<div class=\"elementor-widget-wrap elementor-element-populated\">\r\n\t\t\t\t\t\t\t\t<div class=\"elementor-element elementor-element-a7ef32d elementor-widget elementor-widget-image\" data-id=\"a7ef32d\" data-element_type=\"widget\" data-widget_type=\"image.default\">\n\t\t\t\t<div class=\"elementor-widget-container\">\n\t\t\t\t\t\t\t\t\t\t\t\t\t<img fetchpriority=\"high\" decoding=\"async\" width=\"800\" height=\"480\" src=\"https:\/\/www.goscan.net\/wp-content\/uploads\/2021\/02\/esterilizacion-mascotas.jpg\" class=\"attachment-large size-large wp-image-1866\" alt=\"\" srcset=\"https:\/\/www.goscan.net\/wp-content\/uploads\/2021\/02\/esterilizacion-mascotas.jpg 800w, https:\/\/www.goscan.net\/wp-content\/uploads\/2021\/02\/esterilizacion-mascotas-768x461.jpg 768w, https:\/\/www.goscan.net\/wp-content\/uploads\/2021\/02\/esterilizacion-mascotas-640x384.jpg 640w, https:\/\/www.goscan.net\/wp-content\/uploads\/2021\/02\/esterilizacion-mascotas-400x240.jpg 400w, https:\/\/www.goscan.net\/wp-content\/uploads\/2021\/02\/esterilizacion-mascotas-367x220.jpg 367w\" sizes=\"(max-width: 800px) 100vw, 800px\" \/>\t\t\t\t\t\t\t\t\t\t\t\t\t<\/div>\n\t\t\t\t<\/div>\n\t\t\t\t\t<\/div>\r\n\t\t\t\t<\/div>\r\n\t\t\t\t<div class=\"elementor-column elementor-col-50 elementor-top-column elementor-element elementor-element-6a32dfad z-index-2  my-lg-4 elementor-invisible\" data-id=\"6a32dfad\" data-element_type=\"column\" data-settings=\"{&quot;animation&quot;:&quot;fadeInLeft&quot;,&quot;animation_delay&quot;:500}\">\r\n\t\t\t\t\t<div class=\"elementor-widget-wrap elementor-element-populated\">\r\n\t\t\t\t\t\t\t\t<div class=\"elementor-element elementor-element-d64d6d0 mb-3 elementor-widget elementor-widget-heading\" data-id=\"d64d6d0\" data-element_type=\"widget\" data-settings=\"{&quot;_animation&quot;:&quot;none&quot;,&quot;_animation_delay&quot;:400}\" data-widget_type=\"heading.default\">\n\t\t\t\t<div class=\"elementor-widget-container\">\n\t\t\t<h3 class=\"elementor-heading-title elementor-size-default\">\nPor qu\u00e9 esterilizar a mi perro \/ gato?<\/h3>\t\t<\/div>\n\t\t\t\t<\/div>\n\t\t\t\t<div class=\"elementor-element elementor-element-8914f80 elementor-widget elementor-widget-text-editor\" data-id=\"8914f80\" data-element_type=\"widget\" data-settings=\"{&quot;_animation&quot;:&quot;none&quot;}\" data-widget_type=\"text-editor.default\">\n\t\t\t\t<div class=\"elementor-widget-container\">\n\t\t\t\t\t\t\t<p>Como nuevo propietario de una perra o gata que llega a la pubertad se te llena la cabeza de preguntas He esterilizar? \u00bfCu\u00e1les son las ventajas a hacerlo? Existen contraindicaciones? \u00bfA qu\u00e9 edad es mejor hacerlo? Es peligrosa la anestesia general? Le cambiar\u00e1 el car\u00e1cter?<br \/><br \/><\/p><p>La esterilizaci\u00f3n de los animales de compa\u00f1\u00eda es una pr\u00e1ctica cada vez m\u00e1s extendida en nuestra sociedad, pero, \u00bfpor qu\u00e9 se hace? En primer lugar, queremos evitar embarazos no deseados. Actualmente hay un serio problema con los abandonos de mascotas y la sobreocupaci\u00f3n de las perreras. Cada semana se sacrifican cientos de perros y gatos sanos sin due\u00f1o en las perreras espa\u00f1olas y esterilizando a tu mascota, ya sea comprada o adoptada, contribuyes a controlar la natalidad y no agravar este problema.<\/p>\t\t\t\t\t\t<\/div>\n\t\t\t\t<\/div>\n\t\t\t\t<div class=\"elementor-element elementor-element-10adb4e elementor-widget elementor-widget-button\" data-id=\"10adb4e\" data-element_type=\"widget\" data-widget_type=\"button.default\">\n\t\t\t\t<div class=\"elementor-widget-container\">\n\t\t\t\t\t<div class=\"elementor-button-wrapper\">\n\t\t\t<a class=\"elementor-button elementor-button-link elementor-size-sm\" href=\"https:\/\/www.veterinarionline.es\/post\/debo-esterilizar-a-mi-perra-gata\" target=\"_blank\">\n\t\t\t\t\t\t<span class=\"elementor-button-content-wrapper\">\n\t\t\t\t\t\t<span class=\"elementor-button-text\">M\u00e1s informaci\u00f3n<\/span>\n\t\t<\/span>\n\t\t\t\t\t<\/a>\n\t\t<\/div>\n\t\t\t\t<\/div>\n\t\t\t\t<\/div>\n\t\t\t\t\t<\/div>\r\n\t\t\t\t<\/div>\r\n\t\t\t\t\t<\/div>\r\n\t\t\t\t<\/section>\r\n\t\t\t\t<section class=\"elementor-section elementor-top-section elementor-element elementor-element-25d7b22 pc-section-shape-background shape-reverse  p-b-xxl elementor-section-content-top elementor-section-boxed elementor-section-height-default elementor-section-height-default\" data-id=\"25d7b22\" data-element_type=\"section\" data-settings=\"{&quot;background_background&quot;:&quot;classic&quot;}\">\r\n\t\t\r\n\t\t\t\t\t\t\t<div class=\"elementor-container elementor-column-gap-default\">\r\n\t\t\t\t\t\t\t\t\t\t\t<div class=\"elementor-column elementor-col-50 elementor-top-column elementor-element elementor-element-0f431d1 z-index-2  my-lg-4\" data-id=\"0f431d1\" data-element_type=\"column\" data-settings=\"{&quot;animation&quot;:&quot;none&quot;,&quot;animation_delay&quot;:500}\">\r\n\t\t\t\t\t<div class=\"elementor-widget-wrap elementor-element-populated\">\r\n\t\t\t\t\t\t\t\t<section class=\"elementor-section elementor-inner-section elementor-element elementor-element-3214254 elementor-section-boxed elementor-section-height-default elementor-section-height-default\" data-id=\"3214254\" data-element_type=\"section\">\r\n\t\t\r\n\t\t\t\t\t\t\t<div class=\"elementor-container elementor-column-gap-default\">\r\n\t\t\t\t\t\t\t\t\t\t\t<div class=\"elementor-column elementor-col-50 elementor-inner-column elementor-element elementor-element-4d8f706\" data-id=\"4d8f706\" data-element_type=\"column\">\r\n\t\t\t\t\t<div class=\"elementor-widget-wrap elementor-element-populated\">\r\n\t\t\t\t\t\t\t\t<div class=\"elementor-element elementor-element-256ecc2 elementor-widget elementor-widget-image\" data-id=\"256ecc2\" data-element_type=\"widget\" data-widget_type=\"image.default\">\n\t\t\t\t<div class=\"elementor-widget-container\">\n\t\t\t\t\t\t\t\t\t\t\t\t\t<img decoding=\"async\" width=\"120\" height=\"118\" src=\"https:\/\/www.goscan.net\/wp-content\/uploads\/2021\/04\/vet-online-1.png\" class=\"attachment-full size-full wp-image-3236\" alt=\"\" \/>\t\t\t\t\t\t\t\t\t\t\t\t\t<\/div>\n\t\t\t\t<\/div>\n\t\t\t\t\t<\/div>\r\n\t\t\t\t<\/div>\r\n\t\t\t\t<div class=\"elementor-column elementor-col-50 elementor-inner-column elementor-element elementor-element-ea9b952\" data-id=\"ea9b952\" data-element_type=\"column\">\r\n\t\t\t\t\t<div class=\"elementor-widget-wrap elementor-element-populated\">\r\n\t\t\t\t\t\t\t\t<div class=\"elementor-element elementor-element-08ea670 mb-3 elementor-widget elementor-widget-heading\" data-id=\"08ea670\" data-element_type=\"widget\" data-settings=\"{&quot;_animation&quot;:&quot;none&quot;,&quot;_animation_delay&quot;:400}\" data-widget_type=\"heading.default\">\n\t\t\t\t<div class=\"elementor-widget-container\">\n\t\t\t<h3 class=\"elementor-heading-title elementor-size-default\">Descubre vetOnline, el nuevo servicio veterinario para videollamada.<\/h3>\t\t<\/div>\n\t\t\t\t<\/div>\n\t\t\t\t\t<\/div>\r\n\t\t\t\t<\/div>\r\n\t\t\t\t\t<\/div>\r\n\t\t\t\t<\/section>\r\n\t\t\t\t<div class=\"elementor-element elementor-element-32868fe elementor-widget elementor-widget-text-editor\" data-id=\"32868fe\" data-element_type=\"widget\" data-widget_type=\"text-editor.default\">\n\t\t\t\t<div class=\"elementor-widget-container\">\n\t\t\t\t\t\t\t<strong>Tu perro tiene un problema, pero no puedes desplazarte? No tienes cl\u00ednica cerca? Tienes dudas de si realmente tienes que ir al veterinario? \u00bfQuieres hablar sobre nutrici\u00f3n, comportamiento y muchos m\u00e1s? Vuelos una segunda opini\u00f3n?<\/strong>\t\t\t\t\t\t<\/div>\n\t\t\t\t<\/div>\n\t\t\t\t<div class=\"elementor-element elementor-element-2695bea elementor-widget elementor-widget-text-editor\" data-id=\"2695bea\" data-element_type=\"widget\" data-widget_type=\"text-editor.default\">\n\t\t\t\t<div class=\"elementor-widget-container\">\n\t\t\t\t\t\t\tReserva una consulta en l\u00ednea a trav\u00e9s de Zoom o videollamada WhatsApp donde recibir\u00e1s consejo veterinario profesional y sugerencias de tratamiento desde la comodidad de tu casa. un estudio reciente realizado en EE.UU. ha demostrado que m\u00e1s del 50% de las visitas al veterinario podr\u00edan ahorrar con el adecuado consejo profesional.\t\t\t\t\t\t<\/div>\n\t\t\t\t<\/div>\n\t\t\t\t\t<\/div>\r\n\t\t\t\t<\/div>\r\n\t\t\t\t<div class=\"elementor-column elementor-col-50 elementor-top-column elementor-element elementor-element-3f9624a z-index-2 pr-lg-4 my-lg-4\" data-id=\"3f9624a\" data-element_type=\"column\" data-settings=\"{&quot;animation&quot;:&quot;none&quot;}\">\r\n\t\t\t\t\t<div class=\"elementor-widget-wrap elementor-element-populated\">\r\n\t\t\t\t\t\t\t\t<div class=\"elementor-element elementor-element-fd47f91 elementor-widget elementor-widget-text-editor\" data-id=\"fd47f91\" data-element_type=\"widget\" data-widget_type=\"text-editor.default\">\n\t\t\t\t<div class=\"elementor-widget-container\">\n\t\t\t\t\t\t\t<p>Problemas gastrointestinales, piel, tos y muchos otros &#8230; Sin embargo, si tu perro necesita de pruebas diagn\u00f3sticas estamos en permanente contacto con cl\u00ednicas y hospitales de confianza distribuidas por toda Espa\u00f1a.<br \/><br \/><\/p><p>Nuestro objetivo no es hacerles competencia sino trabajar unidos para ofrecer el mejor servicio posible para la salud de sus mascotas. para m\u00e1s informaci\u00f3n visita www.veterinarionline.es y reserva sin compromiso.<\/p>\t\t\t\t\t\t<\/div>\n\t\t\t\t<\/div>\n\t\t\t\t<div class=\"elementor-element elementor-element-eb74499 elementor-widget elementor-widget-button\" data-id=\"eb74499\" data-element_type=\"widget\" data-widget_type=\"button.default\">\n\t\t\t\t<div class=\"elementor-widget-container\">\n\t\t\t\t\t<div class=\"elementor-button-wrapper\">\n\t\t\t<a class=\"elementor-button elementor-button-link elementor-size-sm\" href=\"https:\/\/www.veterinarionline.es\/\" target=\"_blank\">\n\t\t\t\t\t\t<span class=\"elementor-button-content-wrapper\">\n\t\t\t\t\t\t<span class=\"elementor-button-text\">M\u00e1s informaci\u00f3n<\/span>\n\t\t<\/span>\n\t\t\t\t\t<\/a>\n\t\t<\/div>\n\t\t\t\t<\/div>\n\t\t\t\t<\/div>\n\t\t\t\t\t<\/div>\r\n\t\t\t\t<\/div>\r\n\t\t\t\t\t<\/div>\r\n\t\t\t\t<\/section>\r\n\t\t\t\t<\/div>\n\t\t","protected":false},"excerpt":{"rendered":"<p>Por qu\u00e9 esterilizar a mi perro \/ gato? Como nuevo propietario de una perra o gata que llega a la pubertad se te llena la cabeza de preguntas He esterilizar? \u00bfCu\u00e1les son las ventajas a hacerlo? Existen contraindicaciones? \u00bfA qu\u00e9 edad es mejor hacerlo? Es peligrosa la anestesia general? Le cambiar\u00e1 el car\u00e1cter? La esterilizaci\u00f3n [&hellip;]<\/p>\n","protected":false},"author":1,"featured_media":0,"parent":0,"menu_order":0,"comment_status":"closed","ping_status":"closed","template":"","meta":{"_acf_changed":false,"_seopress_robots_primary_cat":"","_seopress_titles_title":"","_seopress_titles_desc":"","_seopress_robots_index":"","footnotes":""},"acf":[],"_links":{"self":[{"href":"https:\/\/www.goscan.net\/es\/wp-json\/wp\/v2\/pages\/2847"}],"collection":[{"href":"https:\/\/www.goscan.net\/es\/wp-json\/wp\/v2\/pages"}],"about":[{"href":"https:\/\/www.goscan.net\/es\/wp-json\/wp\/v2\/types\/page"}],"author":[{"embeddable":true,"href":"https:\/\/www.goscan.net\/es\/wp-json\/wp\/v2\/users\/1"}],"replies":[{"embeddable":true,"href":"https:\/\/www.goscan.net\/es\/wp-json\/wp\/v2\/comments?post=2847"}],"version-history":[{"count":0,"href":"https:\/\/www.goscan.net\/es\/wp-json\/wp\/v2\/pages\/2847\/revisions"}],"wp:attachment":[{"href":"https:\/\/www.goscan.net\/es\/wp-json\/wp\/v2\/media?parent=2847"}],"curies":[{"name":"wp","href":"https:\/\/api.w.org\/{rel}","templated":true}]}}