{"id":2836,"date":"2021-02-05T18:05:34","date_gmt":"2021-02-05T16:05:34","guid":{"rendered":"https:\/\/www.goscan.net\/vocacio-canina\/"},"modified":"2021-04-26T12:57:06","modified_gmt":"2021-04-26T10:57:06","slug":"vocacion-canina","status":"publish","type":"page","link":"https:\/\/www.goscan.net\/es\/vocacion-canina\/","title":{"rendered":"Vocaci\u00f3n canina"},"content":{"rendered":"\t\t<div data-elementor-type=\"wp-page\" data-elementor-id=\"2836\" class=\"elementor elementor-2836\" data-elementor-post-type=\"page\">\n\t\t\t\t\t\t<section class=\"elementor-section elementor-top-section elementor-element elementor-element-8439d52 pc-section-shape-background  elementor-section-content-middle elementor-section-boxed elementor-section-height-default elementor-section-height-default\" data-id=\"8439d52\" data-element_type=\"section\" data-settings=\"{&quot;background_background&quot;:&quot;classic&quot;}\">\r\n\t\t\r\n\t\t\t\t\t\t\t<div class=\"elementor-container elementor-column-gap-default\">\r\n\t\t\t\t\t\t\t\t\t\t\t<div class=\"elementor-column elementor-col-50 elementor-top-column elementor-element elementor-element-cecb7f2 z-index-2 pr-lg-4 my-lg-4\" data-id=\"cecb7f2\" data-element_type=\"column\">\r\n\t\t\t\t\t<div class=\"elementor-widget-wrap elementor-element-populated\">\r\n\t\t\t\t\t\t\t\t<div class=\"elementor-element elementor-element-91c3ade elementor-widget elementor-widget-image\" data-id=\"91c3ade\" data-element_type=\"widget\" data-widget_type=\"image.default\">\n\t\t\t\t<div class=\"elementor-widget-container\">\n\t\t\t\t\t\t\t\t\t\t\t\t\t<img fetchpriority=\"high\" decoding=\"async\" width=\"500\" height=\"533\" src=\"https:\/\/www.goscan.net\/wp-content\/uploads\/2021\/02\/home-nosaltres-1.jpg\" class=\"attachment-large size-large wp-image-920\" alt=\"\" srcset=\"https:\/\/www.goscan.net\/wp-content\/uploads\/2021\/02\/home-nosaltres-1.jpg 500w, https:\/\/www.goscan.net\/wp-content\/uploads\/2021\/02\/home-nosaltres-1-400x426.jpg 400w, https:\/\/www.goscan.net\/wp-content\/uploads\/2021\/02\/home-nosaltres-1-367x391.jpg 367w\" sizes=\"(max-width: 500px) 100vw, 500px\" \/>\t\t\t\t\t\t\t\t\t\t\t\t\t<\/div>\n\t\t\t\t<\/div>\n\t\t\t\t\t<\/div>\r\n\t\t\t\t<\/div>\r\n\t\t\t\t<div class=\"elementor-column elementor-col-50 elementor-top-column elementor-element elementor-element-6896157 z-index-2  my-lg-4 elementor-invisible\" data-id=\"6896157\" data-element_type=\"column\" data-settings=\"{&quot;animation&quot;:&quot;fadeInLeft&quot;,&quot;animation_delay&quot;:500}\">\r\n\t\t\t\t\t<div class=\"elementor-widget-wrap elementor-element-populated\">\r\n\t\t\t\t\t\t\t\t<div class=\"elementor-element elementor-element-80efb34 py-2 mb-0 elementor-widget elementor-widget-heading\" data-id=\"80efb34\" data-element_type=\"widget\" data-widget_type=\"heading.default\">\n\t\t\t\t<div class=\"elementor-widget-container\">\n\t\t\t<p class=\"elementor-heading-title elementor-size-default\">Desde 1978<\/p>\t\t<\/div>\n\t\t\t\t<\/div>\n\t\t\t\t<div class=\"elementor-element elementor-element-f867c3e mb-3 elementor-widget elementor-widget-heading\" data-id=\"f867c3e\" data-element_type=\"widget\" data-widget_type=\"heading.default\">\n\t\t\t\t<div class=\"elementor-widget-container\">\n\t\t\t<h2 class=\"elementor-heading-title elementor-size-default\">Vocaci\u00f3n canina <\/h2>\t\t<\/div>\n\t\t\t\t<\/div>\n\t\t\t\t<div class=\"elementor-element elementor-element-f1e9071 pb-3 mb-4 custom-font1 elementor-widget elementor-widget-heading\" data-id=\"f1e9071\" data-element_type=\"widget\" data-widget_type=\"heading.default\">\n\t\t\t\t<div class=\"elementor-widget-container\">\n\t\t\t<p class=\"elementor-heading-title elementor-size-default\">Nos apasiona el mejor amigo del hombre: el perro<\/p>\t\t<\/div>\n\t\t\t\t<\/div>\n\t\t\t\t<div class=\"elementor-element elementor-element-e61e8c9 elementor-widget elementor-widget-heading\" data-id=\"e61e8c9\" data-element_type=\"widget\" data-widget_type=\"heading.default\">\n\t\t\t\t<div class=\"elementor-widget-container\">\n\t\t\t<p class=\"elementor-heading-title elementor-size-default\">Ofrecemos servicios de cr\u00eda de cachorros, residencia canina y felina y asesoramiento antes, durante y despu\u00e9s de la adopci\u00f3n.<br><br>\nNuestras instalaciones, ubicadas en plena naturaleza, est\u00e1n situadas a 5 km de Manresa y a s\u00f3lo 50 minutos de Barcelona. \u00a1Vis\u00edtanos cuando quieras y podr\u00e1s ver nuestros cachorros con sus padres y hermanos! \u00a1Te esperamos!<br><br>\n\nEl principal objetivo de la residencia canina y felina Goscan es el bienestar de los animales. Para ello garantizamos la m\u00e1xima comodidad para su mascota. La empresa se fund\u00f3 en 1978, a\u00f1o en que obtuvo el afijo 1.049 \u2018de Goscan\u2019 cedido por la Real Sociedad Canina de Espa\u00f1a, que le permitir\u00eda aplicarlo a todos los cachorros nacidos en Goscan, justific\u00e1ndolo en su pedigr\u00ed correspondiente.<\/p>\t\t<\/div>\n\t\t\t\t<\/div>\n\t\t\t\t<div class=\"elementor-element elementor-element-cb25232 py-2 mb-0 elementor-widget elementor-widget-heading\" data-id=\"cb25232\" data-element_type=\"widget\" data-widget_type=\"heading.default\">\n\t\t\t\t<div class=\"elementor-widget-container\">\n\t\t\t<p class=\"elementor-heading-title elementor-size-default\">Goscan cuenta con el N\u00daCLEO ZOOL\u00d3GICO n\u00famero B\/23-000-1 otorgado por la Generalitat de Catalu\u00f1a en 1990.<\/p>\t\t<\/div>\n\t\t\t\t<\/div>\n\t\t\t\t\t<\/div>\r\n\t\t\t\t<\/div>\r\n\t\t\t\t\t<\/div>\r\n\t\t\t\t<\/section>\r\n\t\t\t\t<\/div>\n\t\t","protected":false},"excerpt":{"rendered":"<p>Desde 1978 Vocaci\u00f3n canina Nos apasiona el mejor amigo del hombre: el perro Ofrecemos servicios de cr\u00eda de cachorros, residencia canina y felina y asesoramiento antes, durante y despu\u00e9s de la adopci\u00f3n. Nuestras instalaciones, ubicadas en plena naturaleza, est\u00e1n situadas a 5 km de Manresa y a s\u00f3lo 50 minutos de Barcelona. \u00a1Vis\u00edtanos cuando quieras [&hellip;]<\/p>\n","protected":false},"author":1,"featured_media":0,"parent":0,"menu_order":0,"comment_status":"closed","ping_status":"closed","template":"","meta":{"_acf_changed":false,"_seopress_robots_primary_cat":"","_seopress_titles_title":"Vocaci\u00f3n Canina - Criadores desde 1978 - Goscan","_seopress_titles_desc":"Ofrecemos servicios de cr\u00eda de cachorros, residencia y asesoramiento antes, durante y despu\u00e9s de la adopci\u00f3n.","_seopress_robots_index":"","footnotes":""},"acf":[],"_links":{"self":[{"href":"https:\/\/www.goscan.net\/es\/wp-json\/wp\/v2\/pages\/2836"}],"collection":[{"href":"https:\/\/www.goscan.net\/es\/wp-json\/wp\/v2\/pages"}],"about":[{"href":"https:\/\/www.goscan.net\/es\/wp-json\/wp\/v2\/types\/page"}],"author":[{"embeddable":true,"href":"https:\/\/www.goscan.net\/es\/wp-json\/wp\/v2\/users\/1"}],"replies":[{"embeddable":true,"href":"https:\/\/www.goscan.net\/es\/wp-json\/wp\/v2\/comments?post=2836"}],"version-history":[{"count":0,"href":"https:\/\/www.goscan.net\/es\/wp-json\/wp\/v2\/pages\/2836\/revisions"}],"wp:attachment":[{"href":"https:\/\/www.goscan.net\/es\/wp-json\/wp\/v2\/media?parent=2836"}],"curies":[{"name":"wp","href":"https:\/\/api.w.org\/{rel}","templated":true}]}}